{"id":1849,"date":"2020-01-15T11:17:12","date_gmt":"2020-01-15T11:17:12","guid":{"rendered":"https:\/\/www.terelion.com\/contact-us\/"},"modified":"2022-08-25T13:37:47","modified_gmt":"2022-08-25T11:37:47","slug":"contact-us","status":"publish","type":"page","link":"https:\/\/www.terelion.com\/es\/contact-us\/","title":{"rendered":"Cont\u00e1ctenos"},"content":{"rendered":"\n<p>Nuestras herramientas, servicios, ingenieros y especialistas est\u00e1n siempre a su disposici\u00f3n.<\/p>\n","protected":false},"excerpt":{"rendered":"<p>Nuestras herramientas, servicios, ingenieros y especialistas est\u00e1n siempre a su disposici\u00f3n.<\/p>\n","protected":false},"author":14,"featured_media":0,"parent":0,"menu_order":0,"comment_status":"closed","ping_status":"closed","template":"","meta":{"footnotes":""},"class_list":["post-1849","page","type-page","status-publish","hentry"],"yoast_head":"<!-- This site is optimized with the Yoast SEO plugin v27.5 - https:\/\/yoast.com\/product\/yoast-seo-wordpress\/ -->\n<title>Cont\u00e1ctenos - Terelion<\/title>\n<meta name=\"robots\" content=\"index, follow, max-snippet:-1, max-image-preview:large, max-video-preview:-1\" \/>\n<link rel=\"canonical\" href=\"https:\/\/www.terelion.com\/es\/contact-us\/\" \/>\n<meta property=\"og:locale\" content=\"es_ES\" \/>\n<meta property=\"og:type\" content=\"article\" \/>\n<meta property=\"og:title\" content=\"Cont\u00e1ctenos - Terelion\" \/>\n<meta property=\"og:description\" content=\"Nuestras herramientas, servicios, ingenieros y especialistas est\u00e1n siempre a su disposici\u00f3n.\" \/>\n<meta property=\"og:url\" content=\"https:\/\/www.terelion.com\/es\/contact-us\/\" \/>\n<meta property=\"og:site_name\" content=\"Terelion\" \/>\n<meta property=\"article:modified_time\" content=\"2022-08-25T11:37:47+00:00\" \/>\n<meta name=\"twitter:card\" content=\"summary_large_image\" \/>\n<meta name=\"twitter:label1\" content=\"Tiempo de lectura\" \/>\n\t<meta name=\"twitter:data1\" content=\"1 minuto\" \/>\n<script type=\"application\/ld+json\" class=\"yoast-schema-graph\">{\"@context\":\"https:\\\/\\\/schema.org\",\"@graph\":[{\"@type\":\"WebPage\",\"@id\":\"https:\\\/\\\/www.terelion.com\\\/es\\\/contact-us\\\/\",\"url\":\"https:\\\/\\\/www.terelion.com\\\/es\\\/contact-us\\\/\",\"name\":\"Cont\u00e1ctenos - Terelion\",\"isPartOf\":{\"@id\":\"https:\\\/\\\/www.terelion.com\\\/#website\"},\"datePublished\":\"2020-01-15T11:17:12+00:00\",\"dateModified\":\"2022-08-25T11:37:47+00:00\",\"breadcrumb\":{\"@id\":\"https:\\\/\\\/www.terelion.com\\\/es\\\/contact-us\\\/#breadcrumb\"},\"inLanguage\":\"es\",\"potentialAction\":[{\"@type\":\"ReadAction\",\"target\":[\"https:\\\/\\\/www.terelion.com\\\/es\\\/contact-us\\\/\"]}]},{\"@type\":\"BreadcrumbList\",\"@id\":\"https:\\\/\\\/www.terelion.com\\\/es\\\/contact-us\\\/#breadcrumb\",\"itemListElement\":[{\"@type\":\"ListItem\",\"position\":1,\"name\":\"Home\",\"item\":\"https:\\\/\\\/www.terelion.com\\\/es\\\/\"},{\"@type\":\"ListItem\",\"position\":2,\"name\":\"Cont\u00e1ctenos\"}]},{\"@type\":\"WebSite\",\"@id\":\"https:\\\/\\\/www.terelion.com\\\/#website\",\"url\":\"https:\\\/\\\/www.terelion.com\\\/\",\"name\":\"Terelion\",\"description\":\"We are Terelion\",\"potentialAction\":[{\"@type\":\"SearchAction\",\"target\":{\"@type\":\"EntryPoint\",\"urlTemplate\":\"https:\\\/\\\/www.terelion.com\\\/?s={search_term_string}\"},\"query-input\":{\"@type\":\"PropertyValueSpecification\",\"valueRequired\":true,\"valueName\":\"search_term_string\"}}],\"inLanguage\":\"es\"}]}<\/script>\n<!-- \/ Yoast SEO plugin. -->","yoast_head_json":{"title":"Cont\u00e1ctenos - Terelion","robots":{"index":"index","follow":"follow","max-snippet":"max-snippet:-1","max-image-preview":"max-image-preview:large","max-video-preview":"max-video-preview:-1"},"canonical":"https:\/\/www.terelion.com\/es\/contact-us\/","og_locale":"es_ES","og_type":"article","og_title":"Cont\u00e1ctenos - Terelion","og_description":"Nuestras herramientas, servicios, ingenieros y especialistas est\u00e1n siempre a su disposici\u00f3n.","og_url":"https:\/\/www.terelion.com\/es\/contact-us\/","og_site_name":"Terelion","article_modified_time":"2022-08-25T11:37:47+00:00","twitter_card":"summary_large_image","twitter_misc":{"Tiempo de lectura":"1 minuto"},"schema":{"@context":"https:\/\/schema.org","@graph":[{"@type":"WebPage","@id":"https:\/\/www.terelion.com\/es\/contact-us\/","url":"https:\/\/www.terelion.com\/es\/contact-us\/","name":"Cont\u00e1ctenos - Terelion","isPartOf":{"@id":"https:\/\/www.terelion.com\/#website"},"datePublished":"2020-01-15T11:17:12+00:00","dateModified":"2022-08-25T11:37:47+00:00","breadcrumb":{"@id":"https:\/\/www.terelion.com\/es\/contact-us\/#breadcrumb"},"inLanguage":"es","potentialAction":[{"@type":"ReadAction","target":["https:\/\/www.terelion.com\/es\/contact-us\/"]}]},{"@type":"BreadcrumbList","@id":"https:\/\/www.terelion.com\/es\/contact-us\/#breadcrumb","itemListElement":[{"@type":"ListItem","position":1,"name":"Home","item":"https:\/\/www.terelion.com\/es\/"},{"@type":"ListItem","position":2,"name":"Cont\u00e1ctenos"}]},{"@type":"WebSite","@id":"https:\/\/www.terelion.com\/#website","url":"https:\/\/www.terelion.com\/","name":"Terelion","description":"We are Terelion","potentialAction":[{"@type":"SearchAction","target":{"@type":"EntryPoint","urlTemplate":"https:\/\/www.terelion.com\/?s={search_term_string}"},"query-input":{"@type":"PropertyValueSpecification","valueRequired":true,"valueName":"search_term_string"}}],"inLanguage":"es"}]}},"_links":{"self":[{"href":"https:\/\/www.terelion.com\/es\/wp-json\/wp\/v2\/pages\/1849","targetHints":{"allow":["GET"]}}],"collection":[{"href":"https:\/\/www.terelion.com\/es\/wp-json\/wp\/v2\/pages"}],"about":[{"href":"https:\/\/www.terelion.com\/es\/wp-json\/wp\/v2\/types\/page"}],"author":[{"embeddable":true,"href":"https:\/\/www.terelion.com\/es\/wp-json\/wp\/v2\/users\/14"}],"replies":[{"embeddable":true,"href":"https:\/\/www.terelion.com\/es\/wp-json\/wp\/v2\/comments?post=1849"}],"version-history":[{"count":4,"href":"https:\/\/www.terelion.com\/es\/wp-json\/wp\/v2\/pages\/1849\/revisions"}],"predecessor-version":[{"id":1864,"href":"https:\/\/www.terelion.com\/es\/wp-json\/wp\/v2\/pages\/1849\/revisions\/1864"}],"wp:attachment":[{"href":"https:\/\/www.terelion.com\/es\/wp-json\/wp\/v2\/media?parent=1849"}],"curies":[{"name":"wp","href":"https:\/\/api.w.org\/{rel}","templated":true}]}}