{"id":1126,"date":"2020-01-16T11:26:16","date_gmt":"2020-01-16T11:26:16","guid":{"rendered":"https:\/\/www.terelion.com\/home\/"},"modified":"2022-02-11T10:22:29","modified_gmt":"2022-02-11T09:22:29","slug":"home","status":"publish","type":"page","link":"https:\/\/www.terelion.com\/es\/","title":{"rendered":"Terelion"},"content":{"rendered":"\n<p>Estamos orgullosos de ser especialistas en el desarrollo y la fabricaci\u00f3n de brocas triconicas para las industrias de la miner\u00eda y la construcci\u00f3n. Texas es nuestro hogar, pero la industria mundial de la miner\u00eda superficial es nuestro campo de juego.<\/p>\n","protected":false},"excerpt":{"rendered":"<p>Estamos orgullosos de ser especialistas en el desarrollo y la fabricaci\u00f3n de brocas triconicas para las industrias de la miner\u00eda y la construcci\u00f3n. Texas es nuestro hogar, pero la industria mundial de la miner\u00eda superficial es nuestro campo de juego.<\/p>\n","protected":false},"author":14,"featured_media":0,"parent":0,"menu_order":0,"comment_status":"closed","ping_status":"closed","template":"","meta":{"footnotes":""},"class_list":["post-1126","page","type-page","status-publish","hentry"],"yoast_head":"<!-- This site is optimized with the Yoast SEO plugin v27.5 - https:\/\/yoast.com\/product\/yoast-seo-wordpress\/ -->\n<title>Terelion - Terelion<\/title>\n<meta name=\"robots\" content=\"index, follow, max-snippet:-1, max-image-preview:large, max-video-preview:-1\" \/>\n<link rel=\"canonical\" href=\"https:\/\/www.terelion.com\/es\/\" \/>\n<meta property=\"og:locale\" content=\"es_ES\" \/>\n<meta property=\"og:type\" content=\"article\" \/>\n<meta property=\"og:title\" content=\"Terelion - Terelion\" \/>\n<meta property=\"og:description\" content=\"Estamos orgullosos de ser especialistas en el desarrollo y la fabricaci\u00f3n de brocas triconicas para las industrias de la miner\u00eda y la construcci\u00f3n. Texas es nuestro hogar, pero la industria mundial de la miner\u00eda superficial es nuestro campo de juego.\" \/>\n<meta property=\"og:url\" content=\"https:\/\/www.terelion.com\/es\/\" \/>\n<meta property=\"og:site_name\" content=\"Terelion\" \/>\n<meta property=\"article:modified_time\" content=\"2022-02-11T09:22:29+00:00\" \/>\n<meta name=\"twitter:card\" content=\"summary_large_image\" \/>\n<meta name=\"twitter:label1\" content=\"Tiempo de lectura\" \/>\n\t<meta name=\"twitter:data1\" content=\"1 minuto\" \/>\n<script type=\"application\/ld+json\" class=\"yoast-schema-graph\">{\"@context\":\"https:\\\/\\\/schema.org\",\"@graph\":[{\"@type\":\"WebPage\",\"@id\":\"https:\\\/\\\/www.terelion.com\\\/es\\\/\",\"url\":\"https:\\\/\\\/www.terelion.com\\\/es\\\/\",\"name\":\"Terelion - Terelion\",\"isPartOf\":{\"@id\":\"https:\\\/\\\/www.terelion.com\\\/#website\"},\"datePublished\":\"2020-01-16T11:26:16+00:00\",\"dateModified\":\"2022-02-11T09:22:29+00:00\",\"breadcrumb\":{\"@id\":\"https:\\\/\\\/www.terelion.com\\\/es\\\/#breadcrumb\"},\"inLanguage\":\"es\",\"potentialAction\":[{\"@type\":\"ReadAction\",\"target\":[\"https:\\\/\\\/www.terelion.com\\\/es\\\/\"]}]},{\"@type\":\"BreadcrumbList\",\"@id\":\"https:\\\/\\\/www.terelion.com\\\/es\\\/#breadcrumb\",\"itemListElement\":[{\"@type\":\"ListItem\",\"position\":1,\"name\":\"Home\",\"item\":\"https:\\\/\\\/www.terelion.com\\\/es\\\/\"},{\"@type\":\"ListItem\",\"position\":2,\"name\":\"Terelion\"}]},{\"@type\":\"WebSite\",\"@id\":\"https:\\\/\\\/www.terelion.com\\\/#website\",\"url\":\"https:\\\/\\\/www.terelion.com\\\/\",\"name\":\"Terelion\",\"description\":\"We are Terelion\",\"potentialAction\":[{\"@type\":\"SearchAction\",\"target\":{\"@type\":\"EntryPoint\",\"urlTemplate\":\"https:\\\/\\\/www.terelion.com\\\/?s={search_term_string}\"},\"query-input\":{\"@type\":\"PropertyValueSpecification\",\"valueRequired\":true,\"valueName\":\"search_term_string\"}}],\"inLanguage\":\"es\"}]}<\/script>\n<!-- \/ Yoast SEO plugin. -->","yoast_head_json":{"title":"Terelion - Terelion","robots":{"index":"index","follow":"follow","max-snippet":"max-snippet:-1","max-image-preview":"max-image-preview:large","max-video-preview":"max-video-preview:-1"},"canonical":"https:\/\/www.terelion.com\/es\/","og_locale":"es_ES","og_type":"article","og_title":"Terelion - Terelion","og_description":"Estamos orgullosos de ser especialistas en el desarrollo y la fabricaci\u00f3n de brocas triconicas para las industrias de la miner\u00eda y la construcci\u00f3n. Texas es nuestro hogar, pero la industria mundial de la miner\u00eda superficial es nuestro campo de juego.","og_url":"https:\/\/www.terelion.com\/es\/","og_site_name":"Terelion","article_modified_time":"2022-02-11T09:22:29+00:00","twitter_card":"summary_large_image","twitter_misc":{"Tiempo de lectura":"1 minuto"},"schema":{"@context":"https:\/\/schema.org","@graph":[{"@type":"WebPage","@id":"https:\/\/www.terelion.com\/es\/","url":"https:\/\/www.terelion.com\/es\/","name":"Terelion - Terelion","isPartOf":{"@id":"https:\/\/www.terelion.com\/#website"},"datePublished":"2020-01-16T11:26:16+00:00","dateModified":"2022-02-11T09:22:29+00:00","breadcrumb":{"@id":"https:\/\/www.terelion.com\/es\/#breadcrumb"},"inLanguage":"es","potentialAction":[{"@type":"ReadAction","target":["https:\/\/www.terelion.com\/es\/"]}]},{"@type":"BreadcrumbList","@id":"https:\/\/www.terelion.com\/es\/#breadcrumb","itemListElement":[{"@type":"ListItem","position":1,"name":"Home","item":"https:\/\/www.terelion.com\/es\/"},{"@type":"ListItem","position":2,"name":"Terelion"}]},{"@type":"WebSite","@id":"https:\/\/www.terelion.com\/#website","url":"https:\/\/www.terelion.com\/","name":"Terelion","description":"We are Terelion","potentialAction":[{"@type":"SearchAction","target":{"@type":"EntryPoint","urlTemplate":"https:\/\/www.terelion.com\/?s={search_term_string}"},"query-input":{"@type":"PropertyValueSpecification","valueRequired":true,"valueName":"search_term_string"}}],"inLanguage":"es"}]}},"_links":{"self":[{"href":"https:\/\/www.terelion.com\/es\/wp-json\/wp\/v2\/pages\/1126","targetHints":{"allow":["GET"]}}],"collection":[{"href":"https:\/\/www.terelion.com\/es\/wp-json\/wp\/v2\/pages"}],"about":[{"href":"https:\/\/www.terelion.com\/es\/wp-json\/wp\/v2\/types\/page"}],"author":[{"embeddable":true,"href":"https:\/\/www.terelion.com\/es\/wp-json\/wp\/v2\/users\/14"}],"replies":[{"embeddable":true,"href":"https:\/\/www.terelion.com\/es\/wp-json\/wp\/v2\/comments?post=1126"}],"version-history":[{"count":3,"href":"https:\/\/www.terelion.com\/es\/wp-json\/wp\/v2\/pages\/1126\/revisions"}],"predecessor-version":[{"id":1281,"href":"https:\/\/www.terelion.com\/es\/wp-json\/wp\/v2\/pages\/1126\/revisions\/1281"}],"wp:attachment":[{"href":"https:\/\/www.terelion.com\/es\/wp-json\/wp\/v2\/media?parent=1126"}],"curies":[{"name":"wp","href":"https:\/\/api.w.org\/{rel}","templated":true}]}}